{"id":17,"date":"2024-09-21T13:37:08","date_gmt":"2024-09-21T13:37:08","guid":{"rendered":"http:\/\/atakanarslan.tr\/?page_id=17"},"modified":"2025-08-15T08:19:33","modified_gmt":"2025-08-15T08:19:33","slug":"iletisim","status":"publish","type":"page","link":"http:\/\/atakanarslan.tr\/?page_id=17","title":{"rendered":"\u0130leti\u015fim"},"content":{"rendered":"\n<script>window.enableEventObserver=true<\/script>\n<script src=\"https:\/\/cdn.jotfor.ms\/s\/static\/c3dacc1ccc7\/static\/prototype.forms.js\" type=\"text\/javascript\"><\/script>\n<script src=\"https:\/\/cdn.jotfor.ms\/s\/static\/c3dacc1ccc7\/static\/jotform.forms.js\" type=\"text\/javascript\"><\/script>\n<script src=\"https:\/\/cdn.jotfor.ms\/s\/static\/c3dacc1ccc7\/js\/punycode-1.4.1.min.js\" type=\"text\/javascript\" defer><\/script>\n<script src=\"https:\/\/cdn.jotfor.ms\/s\/static\/c3dacc1ccc7\/js\/vendor\/smoothscroll.min.js\" type=\"text\/javascript\"><\/script>\n<script src=\"https:\/\/cdn.jotfor.ms\/s\/static\/c3dacc1ccc7\/js\/errorNavigation.js\" type=\"text\/javascript\"><\/script>\n<script type=\"text\/javascript\">\tJotForm.newDefaultTheme = true;\n\tJotForm.extendsNewTheme = false;\n\tJotForm.singleProduct = false;\n\tJotForm.newPaymentUIForNewCreatedForms = false;\n\tJotForm.texts = {\"confirmEmail\":\"E-mail does not match\",\"pleaseWait\":\"Please wait...\",\"validateEmail\":\"You need to validate this e-mail\",\"confirmClearForm\":\"Are you sure you want to clear the form\",\"lessThan\":\"Your score should be less than or equal to\",\"incompleteFields\":\"There are incomplete required fields. Please complete them.\",\"required\":\"This field is required.\",\"requireOne\":\"At least one field required.\",\"requireEveryRow\":\"Every row is required.\",\"requireEveryCell\":\"Every cell is required.\",\"email\":\"Enter a valid e-mail address\",\"alphabetic\":\"This field can only contain letters\",\"numeric\":\"This field can only contain numeric values\",\"alphanumeric\":\"This field can only contain letters and numbers.\",\"cyrillic\":\"This field can only contain cyrillic characters\",\"url\":\"This field can only contain a valid URL\",\"currency\":\"This field can only contain currency values.\",\"fillMask\":\"Field value must fill mask.\",\"uploadExtensions\":\"You can only upload following files:\",\"noUploadExtensions\":\"File has no extension file type (e.g. .txt, .png, .jpeg)\",\"uploadFilesize\":\"File size cannot be bigger than:\",\"uploadFilesizemin\":\"File size cannot be smaller than:\",\"gradingScoreError\":\"Score total should only be less than or equal to\",\"inputCarretErrorA\":\"Input should not be less than the minimum value:\",\"inputCarretErrorB\":\"Input should not be greater than the maximum value:\",\"maxDigitsError\":\"The maximum digits allowed is\",\"minCharactersError\":\"The number of characters should not be less than the minimum value:\",\"maxCharactersError\":\"The number of characters should not be more than the maximum value:\",\"freeEmailError\":\"Free email accounts are not allowed\",\"minSelectionsError\":\"The minimum required number of selections is \",\"maxSelectionsError\":\"The maximum number of selections allowed is \",\"pastDatesDisallowed\":\"Date must not be in the past.\",\"dateLimited\":\"This date is unavailable.\",\"dateInvalid\":\"This date is not valid. The date format is {format}\",\"dateInvalidSeparate\":\"This date is not valid. Enter a valid {element}.\",\"ageVerificationError\":\"You must be older than {minAge} years old to submit this form.\",\"multipleFileUploads_typeError\":\"{file} has invalid extension. Only {extensions} are allowed.\",\"multipleFileUploads_sizeError\":\"{file} is too large, maximum file size is {sizeLimit}.\",\"multipleFileUploads_minSizeError\":\"{file} is too small, minimum file size is {minSizeLimit}.\",\"multipleFileUploads_emptyError\":\"{file} is empty, please select files again without it.\",\"multipleFileUploads_uploadFailed\":\"File upload failed, please remove it and upload the file again.\",\"multipleFileUploads_onLeave\":\"The files are being uploaded, if you leave now the upload will be cancelled.\",\"multipleFileUploads_fileLimitError\":\"Only {fileLimit} file uploads allowed.\",\"dragAndDropFilesHere_infoMessage\":\"Drag and drop files here\",\"chooseAFile_infoMessage\":\"Choose a file\",\"maxFileSize_infoMessage\":\"Max. file size\",\"generalError\":\"There are errors on the form. Please fix them before continuing.\",\"generalPageError\":\"There are errors on this page. Please fix them before continuing.\",\"wordLimitError\":\"Too many words. The limit is\",\"wordMinLimitError\":\"Too few words.  The minimum is\",\"characterLimitError\":\"Too many Characters.  The limit is\",\"characterMinLimitError\":\"Too few characters. The minimum is\",\"ccInvalidNumber\":\"Credit Card Number is invalid.\",\"ccInvalidCVC\":\"CVC number is invalid.\",\"ccInvalidExpireDate\":\"Expire date is invalid.\",\"ccInvalidExpireMonth\":\"Expiration month is invalid.\",\"ccInvalidExpireYear\":\"Expiration year is invalid.\",\"ccMissingDetails\":\"Please fill up the credit card details.\",\"ccMissingProduct\":\"Please select at least one product.\",\"ccMissingDonation\":\"Please enter numeric values for donation amount.\",\"disallowDecimals\":\"Please enter a whole number.\",\"restrictedDomain\":\"This domain is not allowed\",\"ccDonationMinLimitError\":\"Minimum amount is {minAmount} {currency}\",\"requiredLegend\":\"All fields marked with * are required and must be filled.\",\"geoPermissionTitle\":\"Permission Denied\",\"geoPermissionDesc\":\"Check your browser's privacy settings.\",\"geoNotAvailableTitle\":\"Position Unavailable\",\"geoNotAvailableDesc\":\"Location provider not available. Please enter the address manually.\",\"geoTimeoutTitle\":\"Timeout\",\"geoTimeoutDesc\":\"Please check your internet connection and try again.\",\"selectedTime\":\"Selected Time\",\"formerSelectedTime\":\"Former Time\",\"cancelAppointment\":\"Cancel Appointment\",\"cancelSelection\":\"Cancel Selection\",\"confirmSelection\":\"Confirm Selection\",\"noSlotsAvailable\":\"No slots available\",\"slotUnavailable\":\"{time} on {date} has been selected is unavailable. Please select another slot.\",\"multipleError\":\"There are {count} errors on this page. Please correct them before moving on.\",\"oneError\":\"There is {count} error on this page. Please correct it before moving on.\",\"doneMessage\":\"Well done! All errors are fixed.\",\"invalidTime\":\"Enter a valid time\",\"doneButton\":\"Done\",\"reviewSubmitText\":\"Review and Submit\",\"nextButtonText\":\"Next\",\"prevButtonText\":\"Previous\",\"seeErrorsButton\":\"See Errors\",\"notEnoughStock\":\"Not enough stock for the current selection\",\"notEnoughStock_remainedItems\":\"Not enough stock for the current selection ({count} items left)\",\"soldOut\":\"Sold Out\",\"justSoldOut\":\"Just Sold Out\",\"selectionSoldOut\":\"Selection Sold Out\",\"subProductItemsLeft\":\"({count} items left)\",\"startButtonText\":\"START\",\"submitButtonText\":\"Submit\",\"submissionLimit\":\"Sorry! Only one entry is allowed. <br> Multiple submissions are disabled for this form.\",\"reviewBackText\":\"Back to Form\",\"seeAllText\":\"See All\",\"progressMiddleText\":\"of\",\"fieldError\":\"field has an error.\",\"error\":\"Error\"};\n\tJotForm.newPaymentUI = true;\n\tJotForm.originalLanguage = \"tr\";\n\tJotForm.isFormViewTrackingAllowed = true;\n\tJotForm.replaceTagTest = true;\n\tJotForm.activeRedirect = \"thanktext\";\n\tJotForm.uploadServerURL = \"https:\/\/upload.jotform.com\/upload\";\n\tJotForm.clearFieldOnHide=\"disable\";\n\tJotForm.submitError=\"jumpToFirstError\";\n\tJotForm.isFullSource = true;\n\n\tJotForm.init(function(){\n\t\/*INIT-START*\/\nif (window.JotForm && JotForm.accessible) $('input_4').setAttribute('tabindex',0);\n\t\/*INIT-END*\/\n\t});\n\n   setTimeout(function() {\nJotForm.paymentExtrasOnTheFly([null,{\"name\":\"clickTo\",\"qid\":\"1\",\"text\":\"Iletisim Formu\",\"type\":\"control_head\"},null,null,{\"mde\":\"No\",\"name\":\"yaziniz\",\"qid\":\"4\",\"text\":\"Yaziniz:\",\"type\":\"control_textarea\",\"wysiwyg\":\"Disable\"},null,{\"name\":\"email6\",\"qid\":\"6\",\"subLabel\":\"example@example.com\",\"text\":\"E-mail\",\"type\":\"control_email\"},null,{\"name\":\"ad\",\"qid\":\"8\",\"text\":\"Ad:\",\"type\":\"control_fullname\"},{\"name\":\"gonder\",\"qid\":\"9\",\"text\":\"Gonder\",\"type\":\"control_button\"}]);}, 20); \n<\/script>\n<link type=\"text\/css\" rel=\"stylesheet\" href=\"https:\/\/cdn.jotfor.ms\/stylebuilder\/static\/form-common.css?v=37a7cbe\n\"\/>\n<style type=\"text\/css\">@media print{*{-webkit-print-color-adjust: exact !important;color-adjust: exact !important;}.form-section{display:inline!important}.form-pagebreak{display:none!important}.form-section-closed{height:auto!important}.page-section{position:initial!important}}<\/style>\n<link type=\"text\/css\" rel=\"stylesheet\" href=\"https:\/\/cdn.jotfor.ms\/themes\/CSS\/5e6b428acc8c4e222d1beb91.css?v=3.3.64712&#038;themeRevisionID=65660e4b326633110492e01a\"\/>\n<link type=\"text\/css\" rel=\"stylesheet\" href=\"https:\/\/cdn.jotfor.ms\/css\/styles\/payment\/payment_styles.css?3.3.64712\" \/>\n<link type=\"text\/css\" rel=\"stylesheet\" href=\"https:\/\/cdn.jotfor.ms\/css\/styles\/payment\/payment_feature.css?3.3.64712\" \/>\n<style type=\"text\/css\" id=\"form-designer-style\">\n    \/* Injected CSS Code *\/\n.form-label.form-label-auto {\n        \n      display: block;\n      float: none;\n      text-align: left;\n      width: 100%;\n    \n      }\n    \/* Injected CSS Code *\/\n<\/style>\n\n<form class=\"jotform-form\" onsubmit=\"return typeof testSubmitFunction !== 'undefined' &#038;&#038; testSubmitFunction();\" action=\"https:\/\/submit.jotform.com\/submit\/252261734410953\" method=\"post\" name=\"form_252261734410953\" id=\"252261734410953\" accept-charset=\"utf-8\" autocomplete=\"on\"><input type=\"hidden\" name=\"formID\" value=\"252261734410953\" \/><input type=\"hidden\" id=\"JWTContainer\" value=\"\" \/><input type=\"hidden\" id=\"cardinalOrderNumber\" value=\"\" \/><input type=\"hidden\" id=\"jsExecutionTracker\" name=\"jsExecutionTracker\" value=\"build-date-1755245973678\" \/><input type=\"hidden\" id=\"submitSource\" name=\"submitSource\" value=\"unknown\" \/><input type=\"hidden\" id=\"submitDate\" name=\"submitDate\" value=\"undefined\" \/><input type=\"hidden\" id=\"buildDate\" name=\"buildDate\" value=\"1755245973678\" \/><input type=\"hidden\" name=\"uploadServerUrl\" value=\"https:\/\/upload.jotform.com\/upload\" \/><input type=\"hidden\" name=\"eventObserver\" value=\"1\" \/>\n  <div role=\"main\" class=\"form-all\">\n    <ul class=\"form-section page-section\" role=\"presentation\">\n      <li id=\"cid_1\" class=\"form-input-wide\" data-type=\"control_head\">\n        <div class=\"form-header-group  header-large\">\n          <div class=\"header-text httal htvam\">\n            <h1 id=\"header_1\" class=\"form-header\" data-component=\"header\">\u0130leti\u015fim Formu<\/h1>\n            <div id=\"subHeader_1\" class=\"form-subHeader\">Fikirlerini merak ettim do\u011frusu<\/div>\n          <\/div>\n        <\/div>\n      <\/li>\n      <li class=\"form-line jf-required\" data-type=\"control_fullname\" id=\"id_8\"><label class=\"form-label form-label-top\" id=\"label_8\" for=\"first_8\" aria-hidden=\"false\"> Ad:<span class=\"form-required\">*<\/span> <\/label>\n        <div id=\"cid_8\" class=\"form-input-wide jf-required\" data-layout=\"full\">\n          <div data-wrapper-react=\"true\"><span class=\"form-sub-label-container\" style=\"vertical-align:top\" data-input-type=\"first\"><input type=\"text\" id=\"first_8\" name=\"q8_ad[first]\" class=\"form-textbox validate[required]\" data-defaultvalue=\"\" autoComplete=\"section-input_8 given-name\" size=\"10\" data-component=\"first\" aria-labelledby=\"label_8 sublabel_8_first\" required=\"\" value=\"\" \/><label class=\"form-sub-label\" for=\"first_8\" id=\"sublabel_8_first\" style=\"min-height:13px\">Ad<\/label><\/span><span class=\"form-sub-label-container\" style=\"vertical-align:top\" data-input-type=\"last\"><input type=\"text\" id=\"last_8\" name=\"q8_ad[last]\" class=\"form-textbox validate[required]\" data-defaultvalue=\"\" autoComplete=\"section-input_8 family-name\" size=\"15\" data-component=\"last\" aria-labelledby=\"label_8 sublabel_8_last\" required=\"\" value=\"\" \/><label class=\"form-sub-label\" for=\"last_8\" id=\"sublabel_8_last\" style=\"min-height:13px\">Soy Ad<\/label><\/span><\/div>\n        <\/div>\n      <\/li>\n      <li class=\"form-line jf-required\" data-type=\"control_email\" id=\"id_6\"><label class=\"form-label form-label-top form-label-auto\" id=\"label_6\" for=\"input_6\" aria-hidden=\"false\"> E-mail<span class=\"form-required\">*<\/span> <\/label>\n        <div id=\"cid_6\" class=\"form-input-wide jf-required\" data-layout=\"half\"> <span class=\"form-sub-label-container\" style=\"vertical-align:top\"><input type=\"email\" id=\"input_6\" name=\"q6_email6\" class=\"form-textbox validate[required, Email]\" data-defaultvalue=\"@gmail.com\" autoComplete=\"section-input_6 email\" style=\"width:310px\" size=\"310\" placeholder=\"\u00f6rn: isim@ornek.com\" data-component=\"email\" aria-labelledby=\"label_6 sublabel_input_6\" required=\"\" value=\"@gmail.com\" \/><label class=\"form-sub-label\" for=\"input_6\" id=\"sublabel_input_6\" style=\"min-height:13px\">example@example.com<\/label><\/span> <\/div>\n      <\/li>\n      <li class=\"form-line jf-required\" data-type=\"control_textarea\" id=\"id_4\"><label class=\"form-label form-label-top form-label-auto\" id=\"label_4\" for=\"input_4\" aria-hidden=\"false\"> Yaz\u0131n\u0131z:<span class=\"form-required\">*<\/span> <\/label>\n        <div id=\"cid_4\" class=\"form-input-wide jf-required\" data-layout=\"full\"> <textarea id=\"input_4\" class=\"form-textarea validate[required]\" name=\"q4_yaziniz\" style=\"width:648px;height:163px\" data-component=\"textarea\" required=\"\" aria-labelledby=\"label_4\"><\/textarea> <\/div>\n      <\/li>\n      <li class=\"form-line\" data-type=\"control_button\" id=\"id_9\">\n        <div id=\"cid_9\" class=\"form-input-wide\" data-layout=\"full\">\n          <div data-align=\"auto\" class=\"form-buttons-wrapper form-buttons-auto   jsTest-button-wrapperField\"><button id=\"input_9\" type=\"submit\" class=\"form-submit-button submit-button jf-form-buttons jsTest-submitField legacy-submit\" data-component=\"button\" data-content=\"\">G\u00f6nder<\/button><\/div>\n        <\/div>\n      <\/li>\n      <li style=\"display:none\">Should be Empty: <input type=\"text\" name=\"website\" value=\"\" type=\"hidden\" \/><\/li>\n    <\/ul>\n  <\/div>\n  <script>\n    JotForm.showJotFormPowered = \"0\";\n  <\/script>\n  <script>\n    JotForm.poweredByText = \"Jotform Taraf\u0131ndan Desteklenmektedir\";\n  <\/script><input type=\"hidden\" class=\"simple_spc\" id=\"simple_spc\" name=\"simple_spc\" value=\"252261734410953\" \/>\n  <script type=\"text\/javascript\">\n    var all_spc = document.querySelectorAll(\"form[id='252261734410953'] .si\" + \"mple\" + \"_spc\");\n    for (var i = 0; i < all_spc.length; i++)\n    {\n      all_spc[i].value = \"252261734410953-252261734410953\";\n    }\n  <\/script>\n<\/form><script type=\"text\/javascript\">JotForm.ownerView=true;<\/script><script type=\"text\/javascript\">JotForm.isNewSACL=true;<\/script>\n\n\n\n<p><\/p>\n","protected":false},"excerpt":{"rendered":"<p>\u0130leti\u015fim Formu Fikirlerini merak ettim do\u011frusu Ad:* AdSoy Ad E-mail* example@example.com Yaz\u0131n\u0131z:* G\u00f6nder Should be Empty:<\/p>\n","protected":false},"author":1,"featured_media":0,"parent":0,"menu_order":0,"comment_status":"closed","ping_status":"closed","template":"","meta":{"footnotes":""},"class_list":["post-17","page","type-page","status-publish","hentry","entry"],"_links":{"self":[{"href":"http:\/\/atakanarslan.tr\/index.php?rest_route=\/wp\/v2\/pages\/17","targetHints":{"allow":["GET"]}}],"collection":[{"href":"http:\/\/atakanarslan.tr\/index.php?rest_route=\/wp\/v2\/pages"}],"about":[{"href":"http:\/\/atakanarslan.tr\/index.php?rest_route=\/wp\/v2\/types\/page"}],"author":[{"embeddable":true,"href":"http:\/\/atakanarslan.tr\/index.php?rest_route=\/wp\/v2\/users\/1"}],"replies":[{"embeddable":true,"href":"http:\/\/atakanarslan.tr\/index.php?rest_route=%2Fwp%2Fv2%2Fcomments&post=17"}],"version-history":[{"count":3,"href":"http:\/\/atakanarslan.tr\/index.php?rest_route=\/wp\/v2\/pages\/17\/revisions"}],"predecessor-version":[{"id":29,"href":"http:\/\/atakanarslan.tr\/index.php?rest_route=\/wp\/v2\/pages\/17\/revisions\/29"}],"wp:attachment":[{"href":"http:\/\/atakanarslan.tr\/index.php?rest_route=%2Fwp%2Fv2%2Fmedia&parent=17"}],"curies":[{"name":"wp","href":"https:\/\/api.w.org\/{rel}","templated":true}]}}