{"id":20,"date":"2024-09-21T13:38:25","date_gmt":"2024-09-21T13:38:25","guid":{"rendered":"http:\/\/atakanarslan.tr\/?page_id=20"},"modified":"2025-10-16T11:22:08","modified_gmt":"2025-10-16T11:22:08","slug":"hakkinda","status":"publish","type":"page","link":"http:\/\/atakanarslan.tr\/?page_id=20","title":{"rendered":"Hakk\u0131nda"},"content":{"rendered":"\n<p class=\"has-large-font-size\">Enerji Sistemleri M\u00fchendisli\u011fi alan\u0131nda doktora \u00e7al\u0131\u015fmalar\u0131ma devam eden bir <strong>akademisyen<\/strong> olarak, <a href=\"https:\/\/akbis.osmaniye.edu.tr\/@atakanarslan\">Osmaniye Korkut Ata \u00dcniversitesi&#8217;nde <strong>\u00f6\u011fretim g\u00f6revlisi<\/strong><\/a> olarak g\u00f6rev yap\u0131yorum.<br><br>Akademik alandaki \u00e7al\u0131\u015fmalar\u0131m, enerji verimlili\u011fi, yenilenebilir enerji kaynaklar\u0131 ve enerji sistemleri m\u00fchendisli\u011fi \u00fczerine odaklanm\u0131\u015ft\u0131r. Doktora \u00e7al\u0131\u015fmalar\u0131m s\u00fcresince sekt\u00f6rel bilgi birikimimi akademik ara\u015ft\u0131rmalarla birle\u015ftirerek s\u00fcrd\u00fcr\u00fclebilir enerji \u00e7\u00f6z\u00fcmleri geli\u015ftirmeyi hedefliyorum.<br><br><strong>Tecr\u00fcbeler:<\/strong><br> Crown BEVCAN &#8211; Proje m\u00fchendisi  (2023)<\/p>\n\n\n\n<p class=\"has-small-font-size\"><br>Teknik bilgi birikimim, akademik \u00e7al\u0131\u015fmalar\u0131m ve sekt\u00f6r deneyimimle enerji sistemleri ve m\u00fchendislik projelerinde yenilik\u00e7i \u00e7\u00f6z\u00fcmler sunmaya devam ediyorum.<\/p>\n","protected":false},"excerpt":{"rendered":"<p>Enerji Sistemleri M\u00fchendisli\u011fi alan\u0131nda doktora \u00e7al\u0131\u015fmalar\u0131ma devam eden bir akademisyen olarak, Osmaniye Korkut Ata \u00dcniversitesi&#8217;nde \u00f6\u011fretim g\u00f6revlisi olarak g\u00f6rev yap\u0131yorum. Akademik alandaki \u00e7al\u0131\u015fmalar\u0131m, enerji verimlili\u011fi, yenilenebilir enerji kaynaklar\u0131 ve enerji sistemleri m\u00fchendisli\u011fi \u00fczerine odaklanm\u0131\u015ft\u0131r. Doktora \u00e7al\u0131\u015fmalar\u0131m s\u00fcresince sekt\u00f6rel bilgi birikimimi akademik ara\u015ft\u0131rmalarla birle\u015ftirerek s\u00fcrd\u00fcr\u00fclebilir enerji \u00e7\u00f6z\u00fcmleri geli\u015ftirmeyi hedefliyorum. Tecr\u00fcbeler: Crown&#8230;<\/p>\n<div class=\"more-link-wrapper\"><a class=\"more-link\" href=\"http:\/\/atakanarslan.tr\/?page_id=20\">Devam\u0131n\u0131 okuyun<span class=\"screen-reader-text\">Hakk\u0131nda<\/span><\/a><\/div>\n","protected":false},"author":1,"featured_media":0,"parent":0,"menu_order":0,"comment_status":"closed","ping_status":"closed","template":"","meta":{"footnotes":""},"class_list":["post-20","page","type-page","status-publish","hentry","entry"],"_links":{"self":[{"href":"http:\/\/atakanarslan.tr\/index.php?rest_route=\/wp\/v2\/pages\/20","targetHints":{"allow":["GET"]}}],"collection":[{"href":"http:\/\/atakanarslan.tr\/index.php?rest_route=\/wp\/v2\/pages"}],"about":[{"href":"http:\/\/atakanarslan.tr\/index.php?rest_route=\/wp\/v2\/types\/page"}],"author":[{"embeddable":true,"href":"http:\/\/atakanarslan.tr\/index.php?rest_route=\/wp\/v2\/users\/1"}],"replies":[{"embeddable":true,"href":"http:\/\/atakanarslan.tr\/index.php?rest_route=%2Fwp%2Fv2%2Fcomments&post=20"}],"version-history":[{"count":5,"href":"http:\/\/atakanarslan.tr\/index.php?rest_route=\/wp\/v2\/pages\/20\/revisions"}],"predecessor-version":[{"id":60,"href":"http:\/\/atakanarslan.tr\/index.php?rest_route=\/wp\/v2\/pages\/20\/revisions\/60"}],"wp:attachment":[{"href":"http:\/\/atakanarslan.tr\/index.php?rest_route=%2Fwp%2Fv2%2Fmedia&parent=20"}],"curies":[{"name":"wp","href":"https:\/\/api.w.org\/{rel}","templated":true}]}}